{"id":11,"date":"2009-03-26T17:50:59","date_gmt":"2009-03-26T15:50:59","guid":{"rendered":"http:\/\/diislimeister.ee\/?page_id=11"},"modified":"2025-01-22T22:33:32","modified_gmt":"2025-01-22T20:33:32","slug":"kontakt","status":"publish","type":"page","link":"https:\/\/diislimeister.ee\/?page_id=11","title":{"rendered":"Kontakt"},"content":{"rendered":"<p>Diislimeister O\u00dc<br \/>\nE-R 8-18<br \/>\nL\u00e4ike tee 3c<\/p>\n<p>M\u00f5igu tehnopark<\/p>\n<p>Peetri, Harjumaa<br \/>\nEE 75312, Estonia<\/p>\n<p><a href=\"mailto:vambola@diislimeister.ee\" target=\"_blank\" rel=\"noopener\">valmet@diislimeister.ee<\/a><\/p>\n<p>Mob +372 5261906<\/p>\n<p><a href=\"mailto:vambola@diislimeister.ee\" target=\"_blank\" rel=\"noopener\">vambola@diislimeister.ee<\/a><\/p>\n<p>Mob+372 5140286<\/p>\n","protected":false},"excerpt":{"rendered":"<p>Diislimeister O\u00dc E-R 8-18 L\u00e4ike tee 3c M\u00f5igu tehnopark Peetri, Harjumaa EE 75312, Estonia valmet@diislimeister.ee Mob +372 5261906 vambola@diislimeister.ee Mob+372 5140286<\/p>\n","protected":false},"author":1,"featured_media":0,"parent":0,"menu_order":3,"comment_status":"closed","ping_status":"open","template":"","meta":{"footnotes":""},"class_list":["post-11","page","type-page","status-publish","hentry"],"_links":{"self":[{"href":"https:\/\/diislimeister.ee\/index.php?rest_route=\/wp\/v2\/pages\/11","targetHints":{"allow":["GET"]}}],"collection":[{"href":"https:\/\/diislimeister.ee\/index.php?rest_route=\/wp\/v2\/pages"}],"about":[{"href":"https:\/\/diislimeister.ee\/index.php?rest_route=\/wp\/v2\/types\/page"}],"author":[{"embeddable":true,"href":"https:\/\/diislimeister.ee\/index.php?rest_route=\/wp\/v2\/users\/1"}],"replies":[{"embeddable":true,"href":"https:\/\/diislimeister.ee\/index.php?rest_route=%2Fwp%2Fv2%2Fcomments&post=11"}],"version-history":[{"count":18,"href":"https:\/\/diislimeister.ee\/index.php?rest_route=\/wp\/v2\/pages\/11\/revisions"}],"predecessor-version":[{"id":67,"href":"https:\/\/diislimeister.ee\/index.php?rest_route=\/wp\/v2\/pages\/11\/revisions\/67"}],"wp:attachment":[{"href":"https:\/\/diislimeister.ee\/index.php?rest_route=%2Fwp%2Fv2%2Fmedia&parent=11"}],"curies":[{"name":"wp","href":"https:\/\/api.w.org\/{rel}","templated":true}]}}