{"id":5,"date":"2009-03-26T17:47:46","date_gmt":"2009-03-26T15:47:46","guid":{"rendered":"http:\/\/diislimeister.ee\/?page_id=5"},"modified":"2025-01-22T22:37:25","modified_gmt":"2025-01-22T20:37:25","slug":"teenused","status":"publish","type":"page","link":"https:\/\/diislimeister.ee\/?page_id=5","title":{"rendered":"Teenused"},"content":{"rendered":"<div><\/div>\n<ul>\n<li>Diiselautode ja masinate diagnostika ja remont (s\u00f5iduautod, maasturid, veoautod, traktorid, t\u00f5stukid ja liikurmasinad)<\/li>\n<li>K\u00f5rgsurvepumpade diagnostika ja remont<\/li>\n<li>Pihustite kontroll ja remont<\/li>\n<li>Toites\u00fcsteemi diagnostika ja remont<\/li>\n<li>Juhtautomaatika ja elektri diagnostika ja remont<\/li>\n<li>Diiselmootorite remont ja hooldus<\/li>\n<li>Turbode remont<\/li>\n<li>\u00d5livahetus<\/li>\n<li>Diiselmootorite varuosade m\u00fc\u00fck<\/li>\n<\/ul>\n","protected":false},"excerpt":{"rendered":"<p>Diiselautode ja masinate diagnostika ja remont (s\u00f5iduautod, maasturid, veoautod, traktorid, t\u00f5stukid ja liikurmasinad) K\u00f5rgsurvepumpade diagnostika ja remont Pihustite kontroll ja remont Toites\u00fcsteemi diagnostika ja remont Juhtautomaatika ja elektri diagnostika ja remont Diiselmootorite remont ja hooldus Turbode remont \u00d5livahetus Diiselmootorite varuosade m\u00fc\u00fck<\/p>\n","protected":false},"author":1,"featured_media":0,"parent":0,"menu_order":0,"comment_status":"closed","ping_status":"open","template":"","meta":{"footnotes":""},"class_list":["post-5","page","type-page","status-publish","hentry"],"_links":{"self":[{"href":"https:\/\/diislimeister.ee\/index.php?rest_route=\/wp\/v2\/pages\/5","targetHints":{"allow":["GET"]}}],"collection":[{"href":"https:\/\/diislimeister.ee\/index.php?rest_route=\/wp\/v2\/pages"}],"about":[{"href":"https:\/\/diislimeister.ee\/index.php?rest_route=\/wp\/v2\/types\/page"}],"author":[{"embeddable":true,"href":"https:\/\/diislimeister.ee\/index.php?rest_route=\/wp\/v2\/users\/1"}],"replies":[{"embeddable":true,"href":"https:\/\/diislimeister.ee\/index.php?rest_route=%2Fwp%2Fv2%2Fcomments&post=5"}],"version-history":[{"count":4,"href":"https:\/\/diislimeister.ee\/index.php?rest_route=\/wp\/v2\/pages\/5\/revisions"}],"predecessor-version":[{"id":27,"href":"https:\/\/diislimeister.ee\/index.php?rest_route=\/wp\/v2\/pages\/5\/revisions\/27"}],"wp:attachment":[{"href":"https:\/\/diislimeister.ee\/index.php?rest_route=%2Fwp%2Fv2%2Fmedia&parent=5"}],"curies":[{"name":"wp","href":"https:\/\/api.w.org\/{rel}","templated":true}]}}